{"id":1520,"date":"2026-03-20T17:27:53","date_gmt":"2026-03-20T21:27:53","guid":{"rendered":"https:\/\/www.dcuidarte.com\/?post_type=product&#038;p=1520"},"modified":"2026-03-24T20:17:26","modified_gmt":"2026-03-25T00:17:26","slug":"kit-x6-rutina-de-vitamina-c","status":"publish","type":"product","link":"https:\/\/www.dcuidarte.com\/?product=kit-x6-rutina-de-vitamina-c","title":{"rendered":"Kit X6 Rutina de Vitamina C"},"content":{"rendered":"<p>El Kit X6 Rutina de Vitamina C Bioaqua ayuda a neutralizar los radicales libres que causan estr\u00e9s oxidativo en la piel y provocan su envejecimiento prematuro. La Vitamina C es un potente antioxidante y ayuda a potencializar la producci\u00f3n de col\u00e1geno ayudando as\u00ed a disminuir la aparici\u00f3n de los signos de la edad. Mejora la piel apagada y devuelve la luminosidad.<\/p>\n","protected":false},"excerpt":{"rendered":"<p>El Kit X6 Rutina de Vitamina C Bioaqua ayuda a neutralizar los radicales libres que causan estr\u00e9s oxidativo en la piel y provocan su envejecimiento&#8230;<\/p>\n","protected":false},"featured_media":1570,"comment_status":"open","ping_status":"closed","template":"","meta":[],"etheme_brands":[{"term_id":63,"name":"Bioaqua","slug":"bioaqua","term_group":0,"term_taxonomy_id":63,"taxonomy":"brand","description":"","parent":0,"count":3,"filter":"raw"}],"product_brand":[69],"product_cat":[156],"product_tag":[],"class_list":{"0":"post-1520","1":"product","2":"type-product","3":"status-publish","4":"has-post-thumbnail","6":"brand-bioaqua","7":"product_brand-bioaqua","8":"product_cat-vitamina-c","10":"first","11":"instock","12":"shipping-taxable","13":"purchasable","14":"product-type-simple"},"yoast_head":"<!-- This site is optimized with the Yoast SEO Premium plugin v26.7 (Yoast SEO v27.3) - https:\/\/yoast.com\/product\/yoast-seo-premium-wordpress\/ -->\n<title>Kit X6 Rutina de Vitamina C - DCuidarte<\/title>\n<meta name=\"robots\" content=\"index, follow, max-snippet:-1, max-image-preview:large, max-video-preview:-1\" \/>\n<link rel=\"canonical\" href=\"https:\/\/www.dcuidarte.com\/?product=kit-x6-rutina-de-vitamina-c\" \/>\n<meta property=\"og:locale\" content=\"es_ES\" \/>\n<meta property=\"og:type\" content=\"article\" \/>\n<meta property=\"og:title\" content=\"Kit X6 Rutina de Vitamina C\" \/>\n<meta property=\"og:description\" content=\"El Kit X6 Rutina de Vitamina C Bioaqua ayuda a neutralizar los radicales libres que causan estr\u00e9s oxidativo en la piel y provocan su envejecimiento...\" \/>\n<meta property=\"og:url\" content=\"https:\/\/www.dcuidarte.com\/?product=kit-x6-rutina-de-vitamina-c\" \/>\n<meta property=\"og:site_name\" content=\"DCuidarte\" \/>\n<meta property=\"article:publisher\" content=\"https:\/\/www.facebook.com\/cuidarte.cmg\" \/>\n<meta property=\"article:modified_time\" content=\"2026-03-25T00:17:26+00:00\" \/>\n<meta property=\"og:image\" content=\"https:\/\/www.dcuidarte.com\/wp-content\/uploads\/2026\/03\/1000779073.jpg\" \/>\n\t<meta property=\"og:image:width\" content=\"500\" \/>\n\t<meta property=\"og:image:height\" content=\"499\" \/>\n\t<meta property=\"og:image:type\" content=\"image\/jpeg\" \/>\n<meta name=\"twitter:card\" content=\"summary_large_image\" \/>\n<script type=\"application\/ld+json\" class=\"yoast-schema-graph\">{\"@context\":\"https:\\\/\\\/schema.org\",\"@graph\":[{\"@type\":\"WebPage\",\"@id\":\"https:\\\/\\\/www.dcuidarte.com\\\/?product=kit-x6-rutina-de-vitamina-c\",\"url\":\"https:\\\/\\\/www.dcuidarte.com\\\/?product=kit-x6-rutina-de-vitamina-c\",\"name\":\"Kit X6 Rutina de Vitamina C - DCuidarte\",\"isPartOf\":{\"@id\":\"https:\\\/\\\/www.dcuidarte.com\\\/#website\"},\"primaryImageOfPage\":{\"@id\":\"https:\\\/\\\/www.dcuidarte.com\\\/?product=kit-x6-rutina-de-vitamina-c#primaryimage\"},\"image\":{\"@id\":\"https:\\\/\\\/www.dcuidarte.com\\\/?product=kit-x6-rutina-de-vitamina-c#primaryimage\"},\"thumbnailUrl\":\"https:\\\/\\\/www.dcuidarte.com\\\/wp-content\\\/uploads\\\/2026\\\/03\\\/1000779073.jpg\",\"datePublished\":\"2026-03-20T21:27:53+00:00\",\"dateModified\":\"2026-03-25T00:17:26+00:00\",\"breadcrumb\":{\"@id\":\"https:\\\/\\\/www.dcuidarte.com\\\/?product=kit-x6-rutina-de-vitamina-c#breadcrumb\"},\"inLanguage\":\"es\",\"potentialAction\":[{\"@type\":\"ReadAction\",\"target\":[\"https:\\\/\\\/www.dcuidarte.com\\\/?product=kit-x6-rutina-de-vitamina-c\"]}]},{\"@type\":\"ImageObject\",\"inLanguage\":\"es\",\"@id\":\"https:\\\/\\\/www.dcuidarte.com\\\/?product=kit-x6-rutina-de-vitamina-c#primaryimage\",\"url\":\"https:\\\/\\\/www.dcuidarte.com\\\/wp-content\\\/uploads\\\/2026\\\/03\\\/1000779073.jpg\",\"contentUrl\":\"https:\\\/\\\/www.dcuidarte.com\\\/wp-content\\\/uploads\\\/2026\\\/03\\\/1000779073.jpg\",\"width\":500,\"height\":499},{\"@type\":\"BreadcrumbList\",\"@id\":\"https:\\\/\\\/www.dcuidarte.com\\\/?product=kit-x6-rutina-de-vitamina-c#breadcrumb\",\"itemListElement\":[{\"@type\":\"ListItem\",\"position\":1,\"name\":\"Home\",\"item\":\"https:\\\/\\\/www.dcuidarte.com\\\/\"},{\"@type\":\"ListItem\",\"position\":2,\"name\":\"Shop\",\"item\":\"https:\\\/\\\/www.dcuidarte.com\\\/?page_id=36\"},{\"@type\":\"ListItem\",\"position\":3,\"name\":\"Kit X6 Rutina de Vitamina C\"}]},{\"@type\":\"WebSite\",\"@id\":\"https:\\\/\\\/www.dcuidarte.com\\\/#website\",\"url\":\"https:\\\/\\\/www.dcuidarte.com\\\/\",\"name\":\"DCuidarte\",\"description\":\"\",\"publisher\":{\"@id\":\"https:\\\/\\\/www.dcuidarte.com\\\/#organization\"},\"alternateName\":\"Cuidarte\",\"potentialAction\":[{\"@type\":\"SearchAction\",\"target\":{\"@type\":\"EntryPoint\",\"urlTemplate\":\"https:\\\/\\\/www.dcuidarte.com\\\/?s={search_term_string}\"},\"query-input\":{\"@type\":\"PropertyValueSpecification\",\"valueRequired\":true,\"valueName\":\"search_term_string\"}}],\"inLanguage\":\"es\"},{\"@type\":\"Organization\",\"@id\":\"https:\\\/\\\/www.dcuidarte.com\\\/#organization\",\"name\":\"DCuidarte\",\"alternateName\":\"Cuidarte\",\"url\":\"https:\\\/\\\/www.dcuidarte.com\\\/\",\"logo\":{\"@type\":\"ImageObject\",\"inLanguage\":\"es\",\"@id\":\"https:\\\/\\\/www.dcuidarte.com\\\/#\\\/schema\\\/logo\\\/image\\\/\",\"url\":\"https:\\\/\\\/www.dcuidarte.com\\\/wp-content\\\/uploads\\\/2026\\\/03\\\/4.png\",\"contentUrl\":\"https:\\\/\\\/www.dcuidarte.com\\\/wp-content\\\/uploads\\\/2026\\\/03\\\/4.png\",\"width\":378,\"height\":110,\"caption\":\"DCuidarte\"},\"image\":{\"@id\":\"https:\\\/\\\/www.dcuidarte.com\\\/#\\\/schema\\\/logo\\\/image\\\/\"},\"sameAs\":[\"https:\\\/\\\/www.facebook.com\\\/cuidarte.cmg\",\"https:\\\/\\\/instagram.com\\\/cuidarte.cmg\"],\"email\":\"tienda@dcuidarte.com\",\"telephone\":\"+5355765224\"}]}<\/script>\n<!-- \/ Yoast SEO Premium plugin. -->","yoast_head_json":{"title":"Kit X6 Rutina de Vitamina C - DCuidarte","robots":{"index":"index","follow":"follow","max-snippet":"max-snippet:-1","max-image-preview":"max-image-preview:large","max-video-preview":"max-video-preview:-1"},"canonical":"https:\/\/www.dcuidarte.com\/?product=kit-x6-rutina-de-vitamina-c","og_locale":"es_ES","og_type":"article","og_title":"Kit X6 Rutina de Vitamina C","og_description":"El Kit X6 Rutina de Vitamina C Bioaqua ayuda a neutralizar los radicales libres que causan estr\u00e9s oxidativo en la piel y provocan su envejecimiento...","og_url":"https:\/\/www.dcuidarte.com\/?product=kit-x6-rutina-de-vitamina-c","og_site_name":"DCuidarte","article_publisher":"https:\/\/www.facebook.com\/cuidarte.cmg","article_modified_time":"2026-03-25T00:17:26+00:00","og_image":[{"width":500,"height":499,"url":"https:\/\/www.dcuidarte.com\/wp-content\/uploads\/2026\/03\/1000779073.jpg","type":"image\/jpeg"}],"twitter_card":"summary_large_image","schema":{"@context":"https:\/\/schema.org","@graph":[{"@type":"WebPage","@id":"https:\/\/www.dcuidarte.com\/?product=kit-x6-rutina-de-vitamina-c","url":"https:\/\/www.dcuidarte.com\/?product=kit-x6-rutina-de-vitamina-c","name":"Kit X6 Rutina de Vitamina C - DCuidarte","isPartOf":{"@id":"https:\/\/www.dcuidarte.com\/#website"},"primaryImageOfPage":{"@id":"https:\/\/www.dcuidarte.com\/?product=kit-x6-rutina-de-vitamina-c#primaryimage"},"image":{"@id":"https:\/\/www.dcuidarte.com\/?product=kit-x6-rutina-de-vitamina-c#primaryimage"},"thumbnailUrl":"https:\/\/www.dcuidarte.com\/wp-content\/uploads\/2026\/03\/1000779073.jpg","datePublished":"2026-03-20T21:27:53+00:00","dateModified":"2026-03-25T00:17:26+00:00","breadcrumb":{"@id":"https:\/\/www.dcuidarte.com\/?product=kit-x6-rutina-de-vitamina-c#breadcrumb"},"inLanguage":"es","potentialAction":[{"@type":"ReadAction","target":["https:\/\/www.dcuidarte.com\/?product=kit-x6-rutina-de-vitamina-c"]}]},{"@type":"ImageObject","inLanguage":"es","@id":"https:\/\/www.dcuidarte.com\/?product=kit-x6-rutina-de-vitamina-c#primaryimage","url":"https:\/\/www.dcuidarte.com\/wp-content\/uploads\/2026\/03\/1000779073.jpg","contentUrl":"https:\/\/www.dcuidarte.com\/wp-content\/uploads\/2026\/03\/1000779073.jpg","width":500,"height":499},{"@type":"BreadcrumbList","@id":"https:\/\/www.dcuidarte.com\/?product=kit-x6-rutina-de-vitamina-c#breadcrumb","itemListElement":[{"@type":"ListItem","position":1,"name":"Home","item":"https:\/\/www.dcuidarte.com\/"},{"@type":"ListItem","position":2,"name":"Shop","item":"https:\/\/www.dcuidarte.com\/?page_id=36"},{"@type":"ListItem","position":3,"name":"Kit X6 Rutina de Vitamina C"}]},{"@type":"WebSite","@id":"https:\/\/www.dcuidarte.com\/#website","url":"https:\/\/www.dcuidarte.com\/","name":"DCuidarte","description":"","publisher":{"@id":"https:\/\/www.dcuidarte.com\/#organization"},"alternateName":"Cuidarte","potentialAction":[{"@type":"SearchAction","target":{"@type":"EntryPoint","urlTemplate":"https:\/\/www.dcuidarte.com\/?s={search_term_string}"},"query-input":{"@type":"PropertyValueSpecification","valueRequired":true,"valueName":"search_term_string"}}],"inLanguage":"es"},{"@type":"Organization","@id":"https:\/\/www.dcuidarte.com\/#organization","name":"DCuidarte","alternateName":"Cuidarte","url":"https:\/\/www.dcuidarte.com\/","logo":{"@type":"ImageObject","inLanguage":"es","@id":"https:\/\/www.dcuidarte.com\/#\/schema\/logo\/image\/","url":"https:\/\/www.dcuidarte.com\/wp-content\/uploads\/2026\/03\/4.png","contentUrl":"https:\/\/www.dcuidarte.com\/wp-content\/uploads\/2026\/03\/4.png","width":378,"height":110,"caption":"DCuidarte"},"image":{"@id":"https:\/\/www.dcuidarte.com\/#\/schema\/logo\/image\/"},"sameAs":["https:\/\/www.facebook.com\/cuidarte.cmg","https:\/\/instagram.com\/cuidarte.cmg"],"email":"tienda@dcuidarte.com","telephone":"+5355765224"}]}},"_links":{"self":[{"href":"https:\/\/www.dcuidarte.com\/index.php?rest_route=\/wp\/v2\/product\/1520","targetHints":{"allow":["GET"]}}],"collection":[{"href":"https:\/\/www.dcuidarte.com\/index.php?rest_route=\/wp\/v2\/product"}],"about":[{"href":"https:\/\/www.dcuidarte.com\/index.php?rest_route=\/wp\/v2\/types\/product"}],"replies":[{"embeddable":true,"href":"https:\/\/www.dcuidarte.com\/index.php?rest_route=%2Fwp%2Fv2%2Fcomments&post=1520"}],"version-history":[{"count":1,"href":"https:\/\/www.dcuidarte.com\/index.php?rest_route=\/wp\/v2\/product\/1520\/revisions"}],"predecessor-version":[{"id":1571,"href":"https:\/\/www.dcuidarte.com\/index.php?rest_route=\/wp\/v2\/product\/1520\/revisions\/1571"}],"wp:featuredmedia":[{"embeddable":true,"href":"https:\/\/www.dcuidarte.com\/index.php?rest_route=\/wp\/v2\/media\/1570"}],"wp:attachment":[{"href":"https:\/\/www.dcuidarte.com\/index.php?rest_route=%2Fwp%2Fv2%2Fmedia&parent=1520"}],"wp:term":[{"taxonomy":"brand","embeddable":true,"href":"https:\/\/www.dcuidarte.com\/index.php?rest_route=%2Fwp%2Fv2%2Fetheme_brands&post=1520"},{"taxonomy":"product_brand","embeddable":true,"href":"https:\/\/www.dcuidarte.com\/index.php?rest_route=%2Fwp%2Fv2%2Fproduct_brand&post=1520"},{"taxonomy":"product_cat","embeddable":true,"href":"https:\/\/www.dcuidarte.com\/index.php?rest_route=%2Fwp%2Fv2%2Fproduct_cat&post=1520"},{"taxonomy":"product_tag","embeddable":true,"href":"https:\/\/www.dcuidarte.com\/index.php?rest_route=%2Fwp%2Fv2%2Fproduct_tag&post=1520"}],"curies":[{"name":"wp","href":"https:\/\/api.w.org\/{rel}","templated":true}]}}