{"id":1511,"date":"2026-03-20T17:27:51","date_gmt":"2026-03-20T21:27:51","guid":{"rendered":"https:\/\/www.dcuidarte.com\/?post_type=product&#038;p=1511"},"modified":"2026-03-24T20:59:15","modified_gmt":"2026-03-25T00:59:15","slug":"mascarilla-negra-de-barro-marino","status":"publish","type":"product","link":"https:\/\/www.dcuidarte.com\/?product=mascarilla-negra-de-barro-marino","title":{"rendered":"Mascarilla Negra De Barro Marino"},"content":{"rendered":"<p>Mascarilla hidropl\u00e1stica negra, ayuda a eliminar los puntos negros, enriquecida con extracto de barro marino y una f\u00f3rmula a base de \u00e1cido hialur\u00f3nico y col\u00e1geno. Contiene propiedades antioxidantes que hidratan, iluminan y aportan elasticidad al rostro, ayudando a prevenir los signos visibles del envejecimiento. Es purificador y revitalizante.<\/p>\n<table class=\"woocommerce-product-attributes shop_attributes\" aria-label=\"Detalles del producto\">\n<tbody>\n<tr class=\"woocommerce-product-attributes-item woocommerce-product-attributes-item--attribute_pa_tamano\">\n<th class=\"woocommerce-product-attributes-item__label\" scope=\"row\">Tama\u00f1o<\/th>\n<td class=\"woocommerce-product-attributes-item__value\">120 ML \/ 4.23 OZ<\/td>\n<\/tr>\n<\/tbody>\n<\/table>\n<p>[tabs slidertype=\u00bbtop tabs\u00bb] [tabcontainer] [tabtext]BENEFICIOS:[\/tabtext] [tabtext]MODO DE USO:[\/tabtext] [tabtext]RECOMENDACIONES:[\/tabtext] [\/tabcontainer] [tabcontent] [tab]<\/p>\n<ul>\n<li style=\"list-style-type: none;\">\n<ul>\n<li style=\"list-style-type: none;\">\n<ul>\n<li>Ideal para pieles grasas.<\/li>\n<li>Anti edad y tonificante.<\/li>\n<li>Retira puntos negros.<\/li>\n<li>Aporta brillo y luminosidad.<\/li>\n<li>Purificante y Revitalizante.<\/li>\n<\/ul>\n<\/li>\n<\/ul>\n<\/li>\n<\/ul>\n<p>[\/tab] [tab]<\/p>\n<ul>\n<li style=\"list-style-type: none;\">\n<ul>\n<li style=\"list-style-type: none;\">\n<ul>\n<li>Distribuya de manera uniforme una capa fina de la mascarilla negra sobre el rostro y cuello.<\/li>\n<li>Deje actuar hasta secar por completo.<\/li>\n<li>Retire de abajo hacia arriba y limpie los residuos con una toalla limpia o agua fresca.<\/li>\n<\/ul>\n<\/li>\n<\/ul>\n<\/li>\n<\/ul>\n<p>[\/tab] [tab]<\/p>\n<ul>\n<li style=\"list-style-type: none;\">\n<ul>\n<li style=\"list-style-type: none;\">\n<ul>\n<li>No aplique sobre la piel irritada o con heridas.<\/li>\n<li>No utilizar con pieles propensas al acn\u00e9 o que contenga el acn\u00e9.<\/li>\n<\/ul>\n<\/li>\n<\/ul>\n<\/li>\n<\/ul>\n<p>[\/tab] [\/tabcontent] [\/tabs]<\/p>\n","protected":false},"excerpt":{"rendered":"<p>Mascarilla hidropl\u00e1stica negra, ayuda a eliminar los puntos negros, enriquecida con extracto de barro marino y una f\u00f3rmula a base de \u00e1cido hialur\u00f3nico y col\u00e1geno. Contiene propiedades antioxidantes que hidratan, iluminan y aportan elasticidad al rostro, ayudando a prevenir los signos visibles del envejecimiento. Es purificador y revitalizante.<\/p>\n","protected":false},"featured_media":1552,"comment_status":"open","ping_status":"closed","template":"","meta":[],"etheme_brands":[{"term_id":66,"name":"Nevada","slug":"nevada","term_group":0,"term_taxonomy_id":66,"taxonomy":"brand","description":"","parent":0,"count":14,"filter":"raw"}],"product_brand":[72],"product_cat":[183,186,112,184,109,195,108,163,164,177],"product_tag":[143,130,144,145],"class_list":{"0":"post-1511","1":"product","2":"type-product","3":"status-publish","4":"has-post-thumbnail","6":"brand-nevada","7":"product_brand-nevada","8":"product_cat-acido-hialuronico","9":"product_cat-antioxidante","10":"product_cat-arcilla","11":"product_cat-colageno","12":"product_cat-facial","13":"product_cat-hidratantes","14":"product_cat-mascarilla","15":"product_cat-piel-envejecida","16":"product_cat-piel-grasa","17":"product_cat-rostro","18":"product_tag-barro-marino","19":"product_tag-colageno","20":"product_tag-hialuronico","21":"product_tag-hidroplastica","23":"first","24":"instock","25":"shipping-taxable","26":"purchasable","27":"product-type-simple"},"yoast_head":"<!-- This site is optimized with the Yoast SEO Premium plugin v26.7 (Yoast SEO v27.3) - https:\/\/yoast.com\/product\/yoast-seo-premium-wordpress\/ -->\n<title>Mascarilla Negra De Barro Marino - DCuidarte<\/title>\n<meta name=\"robots\" content=\"index, follow, max-snippet:-1, max-image-preview:large, max-video-preview:-1\" \/>\n<link rel=\"canonical\" href=\"https:\/\/www.dcuidarte.com\/?product=mascarilla-negra-de-barro-marino\" \/>\n<meta property=\"og:locale\" content=\"es_ES\" \/>\n<meta property=\"og:type\" content=\"article\" \/>\n<meta property=\"og:title\" content=\"Mascarilla Negra De Barro Marino\" \/>\n<meta property=\"og:description\" content=\"Mascarilla hidropl\u00e1stica negra, ayuda a eliminar los puntos negros, enriquecida con extracto de barro marino y una f\u00f3rmula a base de \u00e1cido hialur\u00f3nico y col\u00e1geno. Contiene propiedades antioxidantes que hidratan, iluminan y aportan elasticidad al rostro, ayudando a prevenir los signos visibles del envejecimiento. Es purificador y revitalizante.\" \/>\n<meta property=\"og:url\" content=\"https:\/\/www.dcuidarte.com\/?product=mascarilla-negra-de-barro-marino\" \/>\n<meta property=\"og:site_name\" content=\"DCuidarte\" \/>\n<meta property=\"article:publisher\" content=\"https:\/\/www.facebook.com\/cuidarte.cmg\" \/>\n<meta property=\"article:modified_time\" content=\"2026-03-25T00:59:15+00:00\" \/>\n<meta property=\"og:image\" content=\"https:\/\/www.dcuidarte.com\/wp-content\/uploads\/2026\/03\/Barro-Marino.jpg\" \/>\n\t<meta property=\"og:image:width\" content=\"1668\" \/>\n\t<meta property=\"og:image:height\" content=\"1667\" \/>\n\t<meta property=\"og:image:type\" content=\"image\/jpeg\" \/>\n<meta name=\"twitter:card\" content=\"summary_large_image\" \/>\n<meta name=\"twitter:label1\" content=\"Tiempo de lectura\" \/>\n\t<meta name=\"twitter:data1\" content=\"1 minuto\" \/>\n<script type=\"application\/ld+json\" class=\"yoast-schema-graph\">{\"@context\":\"https:\\\/\\\/schema.org\",\"@graph\":[{\"@type\":\"WebPage\",\"@id\":\"https:\\\/\\\/www.dcuidarte.com\\\/?product=mascarilla-negra-de-barro-marino\",\"url\":\"https:\\\/\\\/www.dcuidarte.com\\\/?product=mascarilla-negra-de-barro-marino\",\"name\":\"Mascarilla Negra De Barro Marino - DCuidarte\",\"isPartOf\":{\"@id\":\"https:\\\/\\\/www.dcuidarte.com\\\/#website\"},\"primaryImageOfPage\":{\"@id\":\"https:\\\/\\\/www.dcuidarte.com\\\/?product=mascarilla-negra-de-barro-marino#primaryimage\"},\"image\":{\"@id\":\"https:\\\/\\\/www.dcuidarte.com\\\/?product=mascarilla-negra-de-barro-marino#primaryimage\"},\"thumbnailUrl\":\"https:\\\/\\\/www.dcuidarte.com\\\/wp-content\\\/uploads\\\/2026\\\/03\\\/Barro-Marino.jpg\",\"datePublished\":\"2026-03-20T21:27:51+00:00\",\"dateModified\":\"2026-03-25T00:59:15+00:00\",\"breadcrumb\":{\"@id\":\"https:\\\/\\\/www.dcuidarte.com\\\/?product=mascarilla-negra-de-barro-marino#breadcrumb\"},\"inLanguage\":\"es\",\"potentialAction\":[{\"@type\":\"ReadAction\",\"target\":[\"https:\\\/\\\/www.dcuidarte.com\\\/?product=mascarilla-negra-de-barro-marino\"]}]},{\"@type\":\"ImageObject\",\"inLanguage\":\"es\",\"@id\":\"https:\\\/\\\/www.dcuidarte.com\\\/?product=mascarilla-negra-de-barro-marino#primaryimage\",\"url\":\"https:\\\/\\\/www.dcuidarte.com\\\/wp-content\\\/uploads\\\/2026\\\/03\\\/Barro-Marino.jpg\",\"contentUrl\":\"https:\\\/\\\/www.dcuidarte.com\\\/wp-content\\\/uploads\\\/2026\\\/03\\\/Barro-Marino.jpg\",\"width\":1668,\"height\":1667},{\"@type\":\"BreadcrumbList\",\"@id\":\"https:\\\/\\\/www.dcuidarte.com\\\/?product=mascarilla-negra-de-barro-marino#breadcrumb\",\"itemListElement\":[{\"@type\":\"ListItem\",\"position\":1,\"name\":\"Home\",\"item\":\"https:\\\/\\\/www.dcuidarte.com\\\/\"},{\"@type\":\"ListItem\",\"position\":2,\"name\":\"Shop\",\"item\":\"https:\\\/\\\/www.dcuidarte.com\\\/?page_id=36\"},{\"@type\":\"ListItem\",\"position\":3,\"name\":\"Mascarilla Negra De Barro Marino\"}]},{\"@type\":\"WebSite\",\"@id\":\"https:\\\/\\\/www.dcuidarte.com\\\/#website\",\"url\":\"https:\\\/\\\/www.dcuidarte.com\\\/\",\"name\":\"DCuidarte\",\"description\":\"\",\"publisher\":{\"@id\":\"https:\\\/\\\/www.dcuidarte.com\\\/#organization\"},\"alternateName\":\"Cuidarte\",\"potentialAction\":[{\"@type\":\"SearchAction\",\"target\":{\"@type\":\"EntryPoint\",\"urlTemplate\":\"https:\\\/\\\/www.dcuidarte.com\\\/?s={search_term_string}\"},\"query-input\":{\"@type\":\"PropertyValueSpecification\",\"valueRequired\":true,\"valueName\":\"search_term_string\"}}],\"inLanguage\":\"es\"},{\"@type\":\"Organization\",\"@id\":\"https:\\\/\\\/www.dcuidarte.com\\\/#organization\",\"name\":\"DCuidarte\",\"alternateName\":\"Cuidarte\",\"url\":\"https:\\\/\\\/www.dcuidarte.com\\\/\",\"logo\":{\"@type\":\"ImageObject\",\"inLanguage\":\"es\",\"@id\":\"https:\\\/\\\/www.dcuidarte.com\\\/#\\\/schema\\\/logo\\\/image\\\/\",\"url\":\"https:\\\/\\\/www.dcuidarte.com\\\/wp-content\\\/uploads\\\/2026\\\/03\\\/4.png\",\"contentUrl\":\"https:\\\/\\\/www.dcuidarte.com\\\/wp-content\\\/uploads\\\/2026\\\/03\\\/4.png\",\"width\":378,\"height\":110,\"caption\":\"DCuidarte\"},\"image\":{\"@id\":\"https:\\\/\\\/www.dcuidarte.com\\\/#\\\/schema\\\/logo\\\/image\\\/\"},\"sameAs\":[\"https:\\\/\\\/www.facebook.com\\\/cuidarte.cmg\",\"https:\\\/\\\/instagram.com\\\/cuidarte.cmg\"],\"email\":\"tienda@dcuidarte.com\",\"telephone\":\"+5355765224\"}]}<\/script>\n<!-- \/ Yoast SEO Premium plugin. -->","yoast_head_json":{"title":"Mascarilla Negra De Barro Marino - DCuidarte","robots":{"index":"index","follow":"follow","max-snippet":"max-snippet:-1","max-image-preview":"max-image-preview:large","max-video-preview":"max-video-preview:-1"},"canonical":"https:\/\/www.dcuidarte.com\/?product=mascarilla-negra-de-barro-marino","og_locale":"es_ES","og_type":"article","og_title":"Mascarilla Negra De Barro Marino","og_description":"Mascarilla hidropl\u00e1stica negra, ayuda a eliminar los puntos negros, enriquecida con extracto de barro marino y una f\u00f3rmula a base de \u00e1cido hialur\u00f3nico y col\u00e1geno. Contiene propiedades antioxidantes que hidratan, iluminan y aportan elasticidad al rostro, ayudando a prevenir los signos visibles del envejecimiento. Es purificador y revitalizante.","og_url":"https:\/\/www.dcuidarte.com\/?product=mascarilla-negra-de-barro-marino","og_site_name":"DCuidarte","article_publisher":"https:\/\/www.facebook.com\/cuidarte.cmg","article_modified_time":"2026-03-25T00:59:15+00:00","og_image":[{"width":1668,"height":1667,"url":"https:\/\/www.dcuidarte.com\/wp-content\/uploads\/2026\/03\/Barro-Marino.jpg","type":"image\/jpeg"}],"twitter_card":"summary_large_image","twitter_misc":{"Tiempo de lectura":"1 minuto"},"schema":{"@context":"https:\/\/schema.org","@graph":[{"@type":"WebPage","@id":"https:\/\/www.dcuidarte.com\/?product=mascarilla-negra-de-barro-marino","url":"https:\/\/www.dcuidarte.com\/?product=mascarilla-negra-de-barro-marino","name":"Mascarilla Negra De Barro Marino - DCuidarte","isPartOf":{"@id":"https:\/\/www.dcuidarte.com\/#website"},"primaryImageOfPage":{"@id":"https:\/\/www.dcuidarte.com\/?product=mascarilla-negra-de-barro-marino#primaryimage"},"image":{"@id":"https:\/\/www.dcuidarte.com\/?product=mascarilla-negra-de-barro-marino#primaryimage"},"thumbnailUrl":"https:\/\/www.dcuidarte.com\/wp-content\/uploads\/2026\/03\/Barro-Marino.jpg","datePublished":"2026-03-20T21:27:51+00:00","dateModified":"2026-03-25T00:59:15+00:00","breadcrumb":{"@id":"https:\/\/www.dcuidarte.com\/?product=mascarilla-negra-de-barro-marino#breadcrumb"},"inLanguage":"es","potentialAction":[{"@type":"ReadAction","target":["https:\/\/www.dcuidarte.com\/?product=mascarilla-negra-de-barro-marino"]}]},{"@type":"ImageObject","inLanguage":"es","@id":"https:\/\/www.dcuidarte.com\/?product=mascarilla-negra-de-barro-marino#primaryimage","url":"https:\/\/www.dcuidarte.com\/wp-content\/uploads\/2026\/03\/Barro-Marino.jpg","contentUrl":"https:\/\/www.dcuidarte.com\/wp-content\/uploads\/2026\/03\/Barro-Marino.jpg","width":1668,"height":1667},{"@type":"BreadcrumbList","@id":"https:\/\/www.dcuidarte.com\/?product=mascarilla-negra-de-barro-marino#breadcrumb","itemListElement":[{"@type":"ListItem","position":1,"name":"Home","item":"https:\/\/www.dcuidarte.com\/"},{"@type":"ListItem","position":2,"name":"Shop","item":"https:\/\/www.dcuidarte.com\/?page_id=36"},{"@type":"ListItem","position":3,"name":"Mascarilla Negra De Barro Marino"}]},{"@type":"WebSite","@id":"https:\/\/www.dcuidarte.com\/#website","url":"https:\/\/www.dcuidarte.com\/","name":"DCuidarte","description":"","publisher":{"@id":"https:\/\/www.dcuidarte.com\/#organization"},"alternateName":"Cuidarte","potentialAction":[{"@type":"SearchAction","target":{"@type":"EntryPoint","urlTemplate":"https:\/\/www.dcuidarte.com\/?s={search_term_string}"},"query-input":{"@type":"PropertyValueSpecification","valueRequired":true,"valueName":"search_term_string"}}],"inLanguage":"es"},{"@type":"Organization","@id":"https:\/\/www.dcuidarte.com\/#organization","name":"DCuidarte","alternateName":"Cuidarte","url":"https:\/\/www.dcuidarte.com\/","logo":{"@type":"ImageObject","inLanguage":"es","@id":"https:\/\/www.dcuidarte.com\/#\/schema\/logo\/image\/","url":"https:\/\/www.dcuidarte.com\/wp-content\/uploads\/2026\/03\/4.png","contentUrl":"https:\/\/www.dcuidarte.com\/wp-content\/uploads\/2026\/03\/4.png","width":378,"height":110,"caption":"DCuidarte"},"image":{"@id":"https:\/\/www.dcuidarte.com\/#\/schema\/logo\/image\/"},"sameAs":["https:\/\/www.facebook.com\/cuidarte.cmg","https:\/\/instagram.com\/cuidarte.cmg"],"email":"tienda@dcuidarte.com","telephone":"+5355765224"}]}},"_links":{"self":[{"href":"https:\/\/www.dcuidarte.com\/index.php?rest_route=\/wp\/v2\/product\/1511","targetHints":{"allow":["GET"]}}],"collection":[{"href":"https:\/\/www.dcuidarte.com\/index.php?rest_route=\/wp\/v2\/product"}],"about":[{"href":"https:\/\/www.dcuidarte.com\/index.php?rest_route=\/wp\/v2\/types\/product"}],"replies":[{"embeddable":true,"href":"https:\/\/www.dcuidarte.com\/index.php?rest_route=%2Fwp%2Fv2%2Fcomments&post=1511"}],"version-history":[{"count":2,"href":"https:\/\/www.dcuidarte.com\/index.php?rest_route=\/wp\/v2\/product\/1511\/revisions"}],"predecessor-version":[{"id":1588,"href":"https:\/\/www.dcuidarte.com\/index.php?rest_route=\/wp\/v2\/product\/1511\/revisions\/1588"}],"wp:featuredmedia":[{"embeddable":true,"href":"https:\/\/www.dcuidarte.com\/index.php?rest_route=\/wp\/v2\/media\/1552"}],"wp:attachment":[{"href":"https:\/\/www.dcuidarte.com\/index.php?rest_route=%2Fwp%2Fv2%2Fmedia&parent=1511"}],"wp:term":[{"taxonomy":"brand","embeddable":true,"href":"https:\/\/www.dcuidarte.com\/index.php?rest_route=%2Fwp%2Fv2%2Fetheme_brands&post=1511"},{"taxonomy":"product_brand","embeddable":true,"href":"https:\/\/www.dcuidarte.com\/index.php?rest_route=%2Fwp%2Fv2%2Fproduct_brand&post=1511"},{"taxonomy":"product_cat","embeddable":true,"href":"https:\/\/www.dcuidarte.com\/index.php?rest_route=%2Fwp%2Fv2%2Fproduct_cat&post=1511"},{"taxonomy":"product_tag","embeddable":true,"href":"https:\/\/www.dcuidarte.com\/index.php?rest_route=%2Fwp%2Fv2%2Fproduct_tag&post=1511"}],"curies":[{"name":"wp","href":"https:\/\/api.w.org\/{rel}","templated":true}]}}