{"id":1501,"date":"2026-03-20T17:27:49","date_gmt":"2026-03-20T21:27:49","guid":{"rendered":"https:\/\/www.dcuidarte.com\/?post_type=product&#038;p=1501"},"modified":"2026-03-24T21:34:17","modified_gmt":"2026-03-25T01:34:17","slug":"serum-whitening","status":"publish","type":"product","link":"https:\/\/www.dcuidarte.com\/?product=serum-whitening","title":{"rendered":"Serum Whitening"},"content":{"rendered":"<p>Nuestro Serum Facial altamente eficaz est\u00e1 elaborado con Arbutina y Niacinamida, lo que le permite iluminar y aclarar la piel, minimizando la apariencia de manchas oscuras. Adem\u00e1s, hidrata y unifica el tono de la piel gracias a su f\u00f3rmula despigmentante que repara las c\u00e9lulas de la piel y corrige la p\u00e9rdida de homogeneidad y el tono apagado. Este serum est\u00e1 elaborado con ingredientes de origen natural, lo que lo hace a\u00fan m\u00e1s beneficioso para la piel.<\/p>\n<table class=\"woocommerce-product-attributes shop_attributes\" aria-label=\"Detalles del producto\">\n<tbody>\n<tr class=\"woocommerce-product-attributes-item woocommerce-product-attributes-item--attribute_pa_tamano\">\n<th class=\"woocommerce-product-attributes-item__label\" scope=\"row\">Tama\u00f1o<\/th>\n<td class=\"woocommerce-product-attributes-item__value\">50 ML \/ 1.69 OZ<\/td>\n<\/tr>\n<\/tbody>\n<\/table>\n<p>[tabs slidertype=\u00bbtop tabs\u00bb] [tabcontainer] [tabtext]BENEFICIOS:[\/tabtext] [tabtext]MODO DE USO:[\/tabtext] [tabtext]RECOMENDACIONES:[\/tabtext] [\/tabcontainer] [tabcontent] [tab]<\/p>\n<ul>\n<li style=\"list-style-type: none;\">\n<ul>\n<li style=\"list-style-type: none;\">\n<ul>\n<li>Unifica el tono de la piel y aporta luminosidad.<\/li>\n<li>Previene la reaparici\u00f3n de las manchas causadas por el sol y la edad.<\/li>\n<li>No deja ning\u00fan efecto graso en la piel.<\/li>\n<li>Contiene principios activos como Arbutina, Niacinamida, Carnosine y Aloe Vera.<\/li>\n<li>Proporciona Efecto lifting.<\/li>\n<li>Textura ligera de absorci\u00f3n r\u00e1pida.<\/li>\n<\/ul>\n<\/li>\n<\/ul>\n<\/li>\n<\/ul>\n<p>[\/tab] [tab]<\/p>\n<ul>\n<li style=\"list-style-type: none;\">\n<ul>\n<li style=\"list-style-type: none;\">\n<ul>\n<li>Aplique el Serum Facial en el rostro y cuello despu\u00e9s del t\u00f3nico, tanto de d\u00eda como de noche.<\/li>\n<li>Coloque de 3 a 5 gotas y realice movimientos ascendentes, luego de toques con la yema de los dedos para su mejor absorci\u00f3n.<\/li>\n<\/ul>\n<\/li>\n<\/ul>\n<\/li>\n<\/ul>\n<p>[\/tab] [tab]<\/p>\n<ul>\n<li style=\"list-style-type: none;\">\n<ul>\n<li style=\"list-style-type: none;\">\n<ul>\n<li>Exfoliar bien la piel antes de iniciar el tratamiento.<\/li>\n<li>Usar protector solar durante el d\u00eda.<\/li>\n<li>De uso continuo.<\/li>\n<\/ul>\n<\/li>\n<\/ul>\n<\/li>\n<\/ul>\n<p>[\/tab] [\/tabcontent] [\/tabs]<\/p>\n","protected":false},"excerpt":{"rendered":"<p>Nuestro Serum Facial altamente eficaz est\u00e1 elaborado con Arbutina y Niacinamida, lo que le permite iluminar y aclarar la piel, minimizando la apariencia de manchas oscuras. Adem\u00e1s, hidrata y unifica el tono de la piel gracias a su f\u00f3rmula despigmentante que repara las c\u00e9lulas de la piel y corrige la p\u00e9rdida de homogeneidad y el tono apagado. Este serum est\u00e1 elaborado con ingredientes de origen natural, lo que lo hace a\u00fan m\u00e1s beneficioso para la piel.<\/p>\n","protected":false},"featured_media":1535,"comment_status":"open","ping_status":"closed","template":"","meta":[],"etheme_brands":[{"term_id":66,"name":"Nevada","slug":"nevada","term_group":0,"term_taxonomy_id":66,"taxonomy":"brand","description":"","parent":0,"count":14,"filter":"raw"}],"product_brand":[72],"product_cat":[100,200,109,198,177,113,170],"product_tag":[119],"class_list":{"0":"post-1501","1":"product","2":"type-product","3":"status-publish","4":"has-post-thumbnail","6":"brand-nevada","7":"product_brand-nevada","8":"product_cat-antimanchas","9":"product_cat-arbutina","10":"product_cat-facial","11":"product_cat-niacinamida","12":"product_cat-rostro","13":"product_cat-serum","14":"product_cat-todo-tipo-de-piel","15":"product_tag-piel","17":"first","18":"instock","19":"shipping-taxable","20":"purchasable","21":"product-type-simple"},"yoast_head":"<!-- This site is optimized with the Yoast SEO Premium plugin v26.7 (Yoast SEO v27.3) - https:\/\/yoast.com\/product\/yoast-seo-premium-wordpress\/ -->\n<title>Serum Whitening - DCuidarte<\/title>\n<meta name=\"robots\" content=\"index, follow, max-snippet:-1, max-image-preview:large, max-video-preview:-1\" \/>\n<link rel=\"canonical\" href=\"https:\/\/www.dcuidarte.com\/?product=serum-whitening\" \/>\n<meta property=\"og:locale\" content=\"es_ES\" \/>\n<meta property=\"og:type\" content=\"article\" \/>\n<meta property=\"og:title\" content=\"Serum Whitening\" \/>\n<meta property=\"og:description\" content=\"Nuestro Serum Facial altamente eficaz est\u00e1 elaborado con Arbutina y Niacinamida, lo que le permite iluminar y aclarar la piel, minimizando la apariencia de manchas oscuras. Adem\u00e1s, hidrata y unifica el tono de la piel gracias a su f\u00f3rmula despigmentante que repara las c\u00e9lulas de la piel y corrige la p\u00e9rdida de homogeneidad y el tono apagado. Este serum est\u00e1 elaborado con ingredientes de origen natural, lo que lo hace a\u00fan m\u00e1s beneficioso para la piel.\" \/>\n<meta property=\"og:url\" content=\"https:\/\/www.dcuidarte.com\/?product=serum-whitening\" \/>\n<meta property=\"og:site_name\" content=\"DCuidarte\" \/>\n<meta property=\"article:publisher\" content=\"https:\/\/www.facebook.com\/cuidarte.cmg\" \/>\n<meta property=\"article:modified_time\" content=\"2026-03-25T01:34:17+00:00\" \/>\n<meta property=\"og:image\" content=\"https:\/\/www.dcuidarte.com\/wp-content\/uploads\/2026\/03\/WHITENING-2500x2500Serum.png\" \/>\n\t<meta property=\"og:image:width\" content=\"1000\" \/>\n\t<meta property=\"og:image:height\" content=\"1000\" \/>\n\t<meta property=\"og:image:type\" content=\"image\/png\" \/>\n<meta name=\"twitter:card\" content=\"summary_large_image\" \/>\n<meta name=\"twitter:label1\" content=\"Tiempo de lectura\" \/>\n\t<meta name=\"twitter:data1\" content=\"1 minuto\" \/>\n<script type=\"application\/ld+json\" class=\"yoast-schema-graph\">{\"@context\":\"https:\\\/\\\/schema.org\",\"@graph\":[{\"@type\":\"WebPage\",\"@id\":\"https:\\\/\\\/www.dcuidarte.com\\\/?product=serum-whitening\",\"url\":\"https:\\\/\\\/www.dcuidarte.com\\\/?product=serum-whitening\",\"name\":\"Serum Whitening - DCuidarte\",\"isPartOf\":{\"@id\":\"https:\\\/\\\/www.dcuidarte.com\\\/#website\"},\"primaryImageOfPage\":{\"@id\":\"https:\\\/\\\/www.dcuidarte.com\\\/?product=serum-whitening#primaryimage\"},\"image\":{\"@id\":\"https:\\\/\\\/www.dcuidarte.com\\\/?product=serum-whitening#primaryimage\"},\"thumbnailUrl\":\"https:\\\/\\\/www.dcuidarte.com\\\/wp-content\\\/uploads\\\/2026\\\/03\\\/WHITENING-2500x2500Serum.png\",\"datePublished\":\"2026-03-20T21:27:49+00:00\",\"dateModified\":\"2026-03-25T01:34:17+00:00\",\"breadcrumb\":{\"@id\":\"https:\\\/\\\/www.dcuidarte.com\\\/?product=serum-whitening#breadcrumb\"},\"inLanguage\":\"es\",\"potentialAction\":[{\"@type\":\"ReadAction\",\"target\":[\"https:\\\/\\\/www.dcuidarte.com\\\/?product=serum-whitening\"]}]},{\"@type\":\"ImageObject\",\"inLanguage\":\"es\",\"@id\":\"https:\\\/\\\/www.dcuidarte.com\\\/?product=serum-whitening#primaryimage\",\"url\":\"https:\\\/\\\/www.dcuidarte.com\\\/wp-content\\\/uploads\\\/2026\\\/03\\\/WHITENING-2500x2500Serum.png\",\"contentUrl\":\"https:\\\/\\\/www.dcuidarte.com\\\/wp-content\\\/uploads\\\/2026\\\/03\\\/WHITENING-2500x2500Serum.png\",\"width\":1000,\"height\":1000},{\"@type\":\"BreadcrumbList\",\"@id\":\"https:\\\/\\\/www.dcuidarte.com\\\/?product=serum-whitening#breadcrumb\",\"itemListElement\":[{\"@type\":\"ListItem\",\"position\":1,\"name\":\"Home\",\"item\":\"https:\\\/\\\/www.dcuidarte.com\\\/\"},{\"@type\":\"ListItem\",\"position\":2,\"name\":\"Shop\",\"item\":\"https:\\\/\\\/www.dcuidarte.com\\\/?page_id=36\"},{\"@type\":\"ListItem\",\"position\":3,\"name\":\"Serum Whitening\"}]},{\"@type\":\"WebSite\",\"@id\":\"https:\\\/\\\/www.dcuidarte.com\\\/#website\",\"url\":\"https:\\\/\\\/www.dcuidarte.com\\\/\",\"name\":\"DCuidarte\",\"description\":\"\",\"publisher\":{\"@id\":\"https:\\\/\\\/www.dcuidarte.com\\\/#organization\"},\"alternateName\":\"Cuidarte\",\"potentialAction\":[{\"@type\":\"SearchAction\",\"target\":{\"@type\":\"EntryPoint\",\"urlTemplate\":\"https:\\\/\\\/www.dcuidarte.com\\\/?s={search_term_string}\"},\"query-input\":{\"@type\":\"PropertyValueSpecification\",\"valueRequired\":true,\"valueName\":\"search_term_string\"}}],\"inLanguage\":\"es\"},{\"@type\":\"Organization\",\"@id\":\"https:\\\/\\\/www.dcuidarte.com\\\/#organization\",\"name\":\"DCuidarte\",\"alternateName\":\"Cuidarte\",\"url\":\"https:\\\/\\\/www.dcuidarte.com\\\/\",\"logo\":{\"@type\":\"ImageObject\",\"inLanguage\":\"es\",\"@id\":\"https:\\\/\\\/www.dcuidarte.com\\\/#\\\/schema\\\/logo\\\/image\\\/\",\"url\":\"https:\\\/\\\/www.dcuidarte.com\\\/wp-content\\\/uploads\\\/2026\\\/03\\\/4.png\",\"contentUrl\":\"https:\\\/\\\/www.dcuidarte.com\\\/wp-content\\\/uploads\\\/2026\\\/03\\\/4.png\",\"width\":378,\"height\":110,\"caption\":\"DCuidarte\"},\"image\":{\"@id\":\"https:\\\/\\\/www.dcuidarte.com\\\/#\\\/schema\\\/logo\\\/image\\\/\"},\"sameAs\":[\"https:\\\/\\\/www.facebook.com\\\/cuidarte.cmg\",\"https:\\\/\\\/instagram.com\\\/cuidarte.cmg\"],\"email\":\"tienda@dcuidarte.com\",\"telephone\":\"+5355765224\"}]}<\/script>\n<!-- \/ Yoast SEO Premium plugin. -->","yoast_head_json":{"title":"Serum Whitening - DCuidarte","robots":{"index":"index","follow":"follow","max-snippet":"max-snippet:-1","max-image-preview":"max-image-preview:large","max-video-preview":"max-video-preview:-1"},"canonical":"https:\/\/www.dcuidarte.com\/?product=serum-whitening","og_locale":"es_ES","og_type":"article","og_title":"Serum Whitening","og_description":"Nuestro Serum Facial altamente eficaz est\u00e1 elaborado con Arbutina y Niacinamida, lo que le permite iluminar y aclarar la piel, minimizando la apariencia de manchas oscuras. Adem\u00e1s, hidrata y unifica el tono de la piel gracias a su f\u00f3rmula despigmentante que repara las c\u00e9lulas de la piel y corrige la p\u00e9rdida de homogeneidad y el tono apagado. Este serum est\u00e1 elaborado con ingredientes de origen natural, lo que lo hace a\u00fan m\u00e1s beneficioso para la piel.","og_url":"https:\/\/www.dcuidarte.com\/?product=serum-whitening","og_site_name":"DCuidarte","article_publisher":"https:\/\/www.facebook.com\/cuidarte.cmg","article_modified_time":"2026-03-25T01:34:17+00:00","og_image":[{"width":1000,"height":1000,"url":"https:\/\/www.dcuidarte.com\/wp-content\/uploads\/2026\/03\/WHITENING-2500x2500Serum.png","type":"image\/png"}],"twitter_card":"summary_large_image","twitter_misc":{"Tiempo de lectura":"1 minuto"},"schema":{"@context":"https:\/\/schema.org","@graph":[{"@type":"WebPage","@id":"https:\/\/www.dcuidarte.com\/?product=serum-whitening","url":"https:\/\/www.dcuidarte.com\/?product=serum-whitening","name":"Serum Whitening - DCuidarte","isPartOf":{"@id":"https:\/\/www.dcuidarte.com\/#website"},"primaryImageOfPage":{"@id":"https:\/\/www.dcuidarte.com\/?product=serum-whitening#primaryimage"},"image":{"@id":"https:\/\/www.dcuidarte.com\/?product=serum-whitening#primaryimage"},"thumbnailUrl":"https:\/\/www.dcuidarte.com\/wp-content\/uploads\/2026\/03\/WHITENING-2500x2500Serum.png","datePublished":"2026-03-20T21:27:49+00:00","dateModified":"2026-03-25T01:34:17+00:00","breadcrumb":{"@id":"https:\/\/www.dcuidarte.com\/?product=serum-whitening#breadcrumb"},"inLanguage":"es","potentialAction":[{"@type":"ReadAction","target":["https:\/\/www.dcuidarte.com\/?product=serum-whitening"]}]},{"@type":"ImageObject","inLanguage":"es","@id":"https:\/\/www.dcuidarte.com\/?product=serum-whitening#primaryimage","url":"https:\/\/www.dcuidarte.com\/wp-content\/uploads\/2026\/03\/WHITENING-2500x2500Serum.png","contentUrl":"https:\/\/www.dcuidarte.com\/wp-content\/uploads\/2026\/03\/WHITENING-2500x2500Serum.png","width":1000,"height":1000},{"@type":"BreadcrumbList","@id":"https:\/\/www.dcuidarte.com\/?product=serum-whitening#breadcrumb","itemListElement":[{"@type":"ListItem","position":1,"name":"Home","item":"https:\/\/www.dcuidarte.com\/"},{"@type":"ListItem","position":2,"name":"Shop","item":"https:\/\/www.dcuidarte.com\/?page_id=36"},{"@type":"ListItem","position":3,"name":"Serum Whitening"}]},{"@type":"WebSite","@id":"https:\/\/www.dcuidarte.com\/#website","url":"https:\/\/www.dcuidarte.com\/","name":"DCuidarte","description":"","publisher":{"@id":"https:\/\/www.dcuidarte.com\/#organization"},"alternateName":"Cuidarte","potentialAction":[{"@type":"SearchAction","target":{"@type":"EntryPoint","urlTemplate":"https:\/\/www.dcuidarte.com\/?s={search_term_string}"},"query-input":{"@type":"PropertyValueSpecification","valueRequired":true,"valueName":"search_term_string"}}],"inLanguage":"es"},{"@type":"Organization","@id":"https:\/\/www.dcuidarte.com\/#organization","name":"DCuidarte","alternateName":"Cuidarte","url":"https:\/\/www.dcuidarte.com\/","logo":{"@type":"ImageObject","inLanguage":"es","@id":"https:\/\/www.dcuidarte.com\/#\/schema\/logo\/image\/","url":"https:\/\/www.dcuidarte.com\/wp-content\/uploads\/2026\/03\/4.png","contentUrl":"https:\/\/www.dcuidarte.com\/wp-content\/uploads\/2026\/03\/4.png","width":378,"height":110,"caption":"DCuidarte"},"image":{"@id":"https:\/\/www.dcuidarte.com\/#\/schema\/logo\/image\/"},"sameAs":["https:\/\/www.facebook.com\/cuidarte.cmg","https:\/\/instagram.com\/cuidarte.cmg"],"email":"tienda@dcuidarte.com","telephone":"+5355765224"}]}},"_links":{"self":[{"href":"https:\/\/www.dcuidarte.com\/index.php?rest_route=\/wp\/v2\/product\/1501","targetHints":{"allow":["GET"]}}],"collection":[{"href":"https:\/\/www.dcuidarte.com\/index.php?rest_route=\/wp\/v2\/product"}],"about":[{"href":"https:\/\/www.dcuidarte.com\/index.php?rest_route=\/wp\/v2\/types\/product"}],"replies":[{"embeddable":true,"href":"https:\/\/www.dcuidarte.com\/index.php?rest_route=%2Fwp%2Fv2%2Fcomments&post=1501"}],"version-history":[{"count":1,"href":"https:\/\/www.dcuidarte.com\/index.php?rest_route=\/wp\/v2\/product\/1501\/revisions"}],"predecessor-version":[{"id":1536,"href":"https:\/\/www.dcuidarte.com\/index.php?rest_route=\/wp\/v2\/product\/1501\/revisions\/1536"}],"wp:featuredmedia":[{"embeddable":true,"href":"https:\/\/www.dcuidarte.com\/index.php?rest_route=\/wp\/v2\/media\/1535"}],"wp:attachment":[{"href":"https:\/\/www.dcuidarte.com\/index.php?rest_route=%2Fwp%2Fv2%2Fmedia&parent=1501"}],"wp:term":[{"taxonomy":"brand","embeddable":true,"href":"https:\/\/www.dcuidarte.com\/index.php?rest_route=%2Fwp%2Fv2%2Fetheme_brands&post=1501"},{"taxonomy":"product_brand","embeddable":true,"href":"https:\/\/www.dcuidarte.com\/index.php?rest_route=%2Fwp%2Fv2%2Fproduct_brand&post=1501"},{"taxonomy":"product_cat","embeddable":true,"href":"https:\/\/www.dcuidarte.com\/index.php?rest_route=%2Fwp%2Fv2%2Fproduct_cat&post=1501"},{"taxonomy":"product_tag","embeddable":true,"href":"https:\/\/www.dcuidarte.com\/index.php?rest_route=%2Fwp%2Fv2%2Fproduct_tag&post=1501"}],"curies":[{"name":"wp","href":"https:\/\/api.w.org\/{rel}","templated":true}]}}