{"id":1499,"date":"2026-03-20T17:27:48","date_gmt":"2026-03-20T21:27:48","guid":{"rendered":"https:\/\/www.dcuidarte.com\/?post_type=product&#038;p=1499"},"modified":"2026-03-24T23:17:51","modified_gmt":"2026-03-25T03:17:51","slug":"exfoliante-retinol-ceramidas","status":"publish","type":"product","link":"https:\/\/www.dcuidarte.com\/?product=exfoliante-retinol-ceramidas","title":{"rendered":"Exfoliante Retinol + Ceramidas"},"content":{"rendered":"<p>Tratamiento\u00a0exfoliante de Retinol, Ceramidas y vitamina E. En gel\u00a0suave, no irritante, para uso frecuente, que remueve las c\u00e9lulas y tejidos muertos que se han acumulado durante el d\u00eda para conseguir una piel suave y limpia, promoviendo la oxigenaci\u00f3n y regeneraci\u00f3n de la piel.<\/p>\n<table class=\"woocommerce-product-attributes shop_attributes\" aria-label=\"Detalles del producto\">\n<tbody>\n<tr class=\"woocommerce-product-attributes-item woocommerce-product-attributes-item--attribute_pa_tamano\">\n<th class=\"woocommerce-product-attributes-item__label\" scope=\"row\">Tama\u00f1o<\/th>\n<td class=\"woocommerce-product-attributes-item__value\">100 ML \/ 3.38 OZ<\/td>\n<\/tr>\n<\/tbody>\n<\/table>\n<ul>\n<li style=\"list-style-type: none;\">\n<ul>\n<li>Vitamina C: Es un antioxidante clave que ayuda a proteger la piel contra los radicales libres y el da\u00f1o ambiental. Adem\u00e1s, estimula la producci\u00f3n de col\u00e1geno, mejorando la elasticidad y firmeza de la piel.<\/li>\n<li>\u00c1cido Fer\u00falico: Potencia la acci\u00f3n de la vitamina C, aumentando su efectividad antioxidante. Tambi\u00e9n protege la piel contra el da\u00f1o causado por la radiaci\u00f3n UV, ayudando a prevenir el envejecimiento prematuro.<\/li>\n<\/ul>\n<\/li>\n<\/ul>\n<p>[tabs slidertype=\u00bbtop tabs\u00bb] [tabcontainer] [tabtext]MODO DE USO:[\/tabtext] [tabtext]RECOMENDACIONES:[\/tabtext] [\/tabcontainer] [tabcontent] [tab]<\/p>\n<ul>\n<li style=\"list-style-type: none;\">\n<ul>\n<li style=\"list-style-type: none;\">\n<ul>\n<li>Aplica el exfoliante de manera uniforme por todo el rostro con la yema de tus dedos a modo de masaje durante un minuto.<\/li>\n<li>Para retirar el exfoliante usa agua fr\u00eda para cerrar los poros del rostro y activar la luminosidad.<\/li>\n<\/ul>\n<\/li>\n<\/ul>\n<\/li>\n<\/ul>\n<p>[\/tab] [tab]<\/p>\n<ul>\n<li style=\"list-style-type: none;\">\n<ul>\n<li style=\"list-style-type: none;\">\n<ul>\n<li>Utilizar el producto m\u00e1ximo dos veces por semana, para mantener limpios los poros y una sensaci\u00f3n de suavidad en la piel.<\/li>\n<li>Utilizar recomendablemente por las noches.<\/li>\n<\/ul>\n<\/li>\n<\/ul>\n<\/li>\n<\/ul>\n<p>[\/tab] [\/tabcontent] [\/tabs]<\/p>\n","protected":false},"excerpt":{"rendered":"<p>Tratamiento\u00a0exfoliante de Retinol, Ceramidas y vitamina E. En gel\u00a0suave, no irritante, para uso frecuente, que remueve las c\u00e9lulas y tejidos muertos que se han acumulado durante el d\u00eda para conseguir una piel suave y limpia, promoviendo la oxigenaci\u00f3n y regeneraci\u00f3n de la piel.<\/p>\n","protected":false},"featured_media":1531,"comment_status":"open","ping_status":"closed","template":"","meta":[],"etheme_brands":[{"term_id":66,"name":"Nevada","slug":"nevada","term_group":0,"term_taxonomy_id":66,"taxonomy":"brand","description":"","parent":0,"count":14,"filter":"raw"}],"product_brand":[72],"product_cat":[186,188,102,109,105,187,177,170],"product_tag":[126,119],"class_list":{"0":"post-1499","1":"product","2":"type-product","3":"status-publish","4":"has-post-thumbnail","6":"brand-nevada","7":"product_brand-nevada","8":"product_cat-antioxidante","9":"product_cat-ceramidas","10":"product_cat-exfoliantes","11":"product_cat-facial","12":"product_cat-gel","13":"product_cat-retinol","14":"product_cat-rostro","15":"product_cat-todo-tipo-de-piel","16":"product_tag-gel","17":"product_tag-piel","19":"first","20":"instock","21":"shipping-taxable","22":"purchasable","23":"product-type-simple"},"yoast_head":"<!-- This site is optimized with the Yoast SEO Premium plugin v26.7 (Yoast SEO v27.3) - https:\/\/yoast.com\/product\/yoast-seo-premium-wordpress\/ -->\n<title>Exfoliante Retinol + Ceramidas - DCuidarte<\/title>\n<meta name=\"robots\" content=\"index, follow, max-snippet:-1, max-image-preview:large, max-video-preview:-1\" \/>\n<link rel=\"canonical\" href=\"https:\/\/www.dcuidarte.com\/?product=exfoliante-retinol-ceramidas\" \/>\n<meta property=\"og:locale\" content=\"es_ES\" \/>\n<meta property=\"og:type\" content=\"article\" \/>\n<meta property=\"og:title\" content=\"Exfoliante Retinol + Ceramidas\" \/>\n<meta property=\"og:description\" content=\"Tratamiento\u00a0exfoliante de Retinol, Ceramidas y vitamina E. En gel\u00a0suave, no irritante, para uso frecuente, que remueve las c\u00e9lulas y tejidos muertos que se han acumulado durante el d\u00eda para conseguir una piel suave y limpia, promoviendo la oxigenaci\u00f3n y regeneraci\u00f3n de la piel.\" \/>\n<meta property=\"og:url\" content=\"https:\/\/www.dcuidarte.com\/?product=exfoliante-retinol-ceramidas\" \/>\n<meta property=\"og:site_name\" content=\"DCuidarte\" \/>\n<meta property=\"article:publisher\" content=\"https:\/\/www.facebook.com\/cuidarte.cmg\" \/>\n<meta property=\"article:modified_time\" content=\"2026-03-25T03:17:51+00:00\" \/>\n<meta property=\"og:image\" content=\"https:\/\/www.dcuidarte.com\/wp-content\/uploads\/2026\/03\/GEL-EXFOLIANTE.jpg\" \/>\n\t<meta property=\"og:image:width\" content=\"1000\" \/>\n\t<meta property=\"og:image:height\" content=\"1000\" \/>\n\t<meta property=\"og:image:type\" content=\"image\/jpeg\" \/>\n<meta name=\"twitter:card\" content=\"summary_large_image\" \/>\n<meta name=\"twitter:label1\" content=\"Tiempo de lectura\" \/>\n\t<meta name=\"twitter:data1\" content=\"1 minuto\" \/>\n<script type=\"application\/ld+json\" class=\"yoast-schema-graph\">{\"@context\":\"https:\\\/\\\/schema.org\",\"@graph\":[{\"@type\":\"WebPage\",\"@id\":\"https:\\\/\\\/www.dcuidarte.com\\\/?product=exfoliante-retinol-ceramidas\",\"url\":\"https:\\\/\\\/www.dcuidarte.com\\\/?product=exfoliante-retinol-ceramidas\",\"name\":\"Exfoliante Retinol + Ceramidas - DCuidarte\",\"isPartOf\":{\"@id\":\"https:\\\/\\\/www.dcuidarte.com\\\/#website\"},\"primaryImageOfPage\":{\"@id\":\"https:\\\/\\\/www.dcuidarte.com\\\/?product=exfoliante-retinol-ceramidas#primaryimage\"},\"image\":{\"@id\":\"https:\\\/\\\/www.dcuidarte.com\\\/?product=exfoliante-retinol-ceramidas#primaryimage\"},\"thumbnailUrl\":\"https:\\\/\\\/www.dcuidarte.com\\\/wp-content\\\/uploads\\\/2026\\\/03\\\/GEL-EXFOLIANTE.jpg\",\"datePublished\":\"2026-03-20T21:27:48+00:00\",\"dateModified\":\"2026-03-25T03:17:51+00:00\",\"breadcrumb\":{\"@id\":\"https:\\\/\\\/www.dcuidarte.com\\\/?product=exfoliante-retinol-ceramidas#breadcrumb\"},\"inLanguage\":\"es\",\"potentialAction\":[{\"@type\":\"ReadAction\",\"target\":[\"https:\\\/\\\/www.dcuidarte.com\\\/?product=exfoliante-retinol-ceramidas\"]}]},{\"@type\":\"ImageObject\",\"inLanguage\":\"es\",\"@id\":\"https:\\\/\\\/www.dcuidarte.com\\\/?product=exfoliante-retinol-ceramidas#primaryimage\",\"url\":\"https:\\\/\\\/www.dcuidarte.com\\\/wp-content\\\/uploads\\\/2026\\\/03\\\/GEL-EXFOLIANTE.jpg\",\"contentUrl\":\"https:\\\/\\\/www.dcuidarte.com\\\/wp-content\\\/uploads\\\/2026\\\/03\\\/GEL-EXFOLIANTE.jpg\",\"width\":1000,\"height\":1000},{\"@type\":\"BreadcrumbList\",\"@id\":\"https:\\\/\\\/www.dcuidarte.com\\\/?product=exfoliante-retinol-ceramidas#breadcrumb\",\"itemListElement\":[{\"@type\":\"ListItem\",\"position\":1,\"name\":\"Home\",\"item\":\"https:\\\/\\\/www.dcuidarte.com\\\/\"},{\"@type\":\"ListItem\",\"position\":2,\"name\":\"Shop\",\"item\":\"https:\\\/\\\/www.dcuidarte.com\\\/?page_id=36\"},{\"@type\":\"ListItem\",\"position\":3,\"name\":\"Exfoliante Retinol + Ceramidas\"}]},{\"@type\":\"WebSite\",\"@id\":\"https:\\\/\\\/www.dcuidarte.com\\\/#website\",\"url\":\"https:\\\/\\\/www.dcuidarte.com\\\/\",\"name\":\"DCuidarte\",\"description\":\"\",\"publisher\":{\"@id\":\"https:\\\/\\\/www.dcuidarte.com\\\/#organization\"},\"alternateName\":\"Cuidarte\",\"potentialAction\":[{\"@type\":\"SearchAction\",\"target\":{\"@type\":\"EntryPoint\",\"urlTemplate\":\"https:\\\/\\\/www.dcuidarte.com\\\/?s={search_term_string}\"},\"query-input\":{\"@type\":\"PropertyValueSpecification\",\"valueRequired\":true,\"valueName\":\"search_term_string\"}}],\"inLanguage\":\"es\"},{\"@type\":\"Organization\",\"@id\":\"https:\\\/\\\/www.dcuidarte.com\\\/#organization\",\"name\":\"DCuidarte\",\"alternateName\":\"Cuidarte\",\"url\":\"https:\\\/\\\/www.dcuidarte.com\\\/\",\"logo\":{\"@type\":\"ImageObject\",\"inLanguage\":\"es\",\"@id\":\"https:\\\/\\\/www.dcuidarte.com\\\/#\\\/schema\\\/logo\\\/image\\\/\",\"url\":\"https:\\\/\\\/www.dcuidarte.com\\\/wp-content\\\/uploads\\\/2026\\\/03\\\/4.png\",\"contentUrl\":\"https:\\\/\\\/www.dcuidarte.com\\\/wp-content\\\/uploads\\\/2026\\\/03\\\/4.png\",\"width\":378,\"height\":110,\"caption\":\"DCuidarte\"},\"image\":{\"@id\":\"https:\\\/\\\/www.dcuidarte.com\\\/#\\\/schema\\\/logo\\\/image\\\/\"},\"sameAs\":[\"https:\\\/\\\/www.facebook.com\\\/cuidarte.cmg\",\"https:\\\/\\\/instagram.com\\\/cuidarte.cmg\"],\"email\":\"tienda@dcuidarte.com\",\"telephone\":\"+5355765224\"}]}<\/script>\n<!-- \/ Yoast SEO Premium plugin. -->","yoast_head_json":{"title":"Exfoliante Retinol + Ceramidas - DCuidarte","robots":{"index":"index","follow":"follow","max-snippet":"max-snippet:-1","max-image-preview":"max-image-preview:large","max-video-preview":"max-video-preview:-1"},"canonical":"https:\/\/www.dcuidarte.com\/?product=exfoliante-retinol-ceramidas","og_locale":"es_ES","og_type":"article","og_title":"Exfoliante Retinol + Ceramidas","og_description":"Tratamiento\u00a0exfoliante de Retinol, Ceramidas y vitamina E. En gel\u00a0suave, no irritante, para uso frecuente, que remueve las c\u00e9lulas y tejidos muertos que se han acumulado durante el d\u00eda para conseguir una piel suave y limpia, promoviendo la oxigenaci\u00f3n y regeneraci\u00f3n de la piel.","og_url":"https:\/\/www.dcuidarte.com\/?product=exfoliante-retinol-ceramidas","og_site_name":"DCuidarte","article_publisher":"https:\/\/www.facebook.com\/cuidarte.cmg","article_modified_time":"2026-03-25T03:17:51+00:00","og_image":[{"width":1000,"height":1000,"url":"https:\/\/www.dcuidarte.com\/wp-content\/uploads\/2026\/03\/GEL-EXFOLIANTE.jpg","type":"image\/jpeg"}],"twitter_card":"summary_large_image","twitter_misc":{"Tiempo de lectura":"1 minuto"},"schema":{"@context":"https:\/\/schema.org","@graph":[{"@type":"WebPage","@id":"https:\/\/www.dcuidarte.com\/?product=exfoliante-retinol-ceramidas","url":"https:\/\/www.dcuidarte.com\/?product=exfoliante-retinol-ceramidas","name":"Exfoliante Retinol + Ceramidas - DCuidarte","isPartOf":{"@id":"https:\/\/www.dcuidarte.com\/#website"},"primaryImageOfPage":{"@id":"https:\/\/www.dcuidarte.com\/?product=exfoliante-retinol-ceramidas#primaryimage"},"image":{"@id":"https:\/\/www.dcuidarte.com\/?product=exfoliante-retinol-ceramidas#primaryimage"},"thumbnailUrl":"https:\/\/www.dcuidarte.com\/wp-content\/uploads\/2026\/03\/GEL-EXFOLIANTE.jpg","datePublished":"2026-03-20T21:27:48+00:00","dateModified":"2026-03-25T03:17:51+00:00","breadcrumb":{"@id":"https:\/\/www.dcuidarte.com\/?product=exfoliante-retinol-ceramidas#breadcrumb"},"inLanguage":"es","potentialAction":[{"@type":"ReadAction","target":["https:\/\/www.dcuidarte.com\/?product=exfoliante-retinol-ceramidas"]}]},{"@type":"ImageObject","inLanguage":"es","@id":"https:\/\/www.dcuidarte.com\/?product=exfoliante-retinol-ceramidas#primaryimage","url":"https:\/\/www.dcuidarte.com\/wp-content\/uploads\/2026\/03\/GEL-EXFOLIANTE.jpg","contentUrl":"https:\/\/www.dcuidarte.com\/wp-content\/uploads\/2026\/03\/GEL-EXFOLIANTE.jpg","width":1000,"height":1000},{"@type":"BreadcrumbList","@id":"https:\/\/www.dcuidarte.com\/?product=exfoliante-retinol-ceramidas#breadcrumb","itemListElement":[{"@type":"ListItem","position":1,"name":"Home","item":"https:\/\/www.dcuidarte.com\/"},{"@type":"ListItem","position":2,"name":"Shop","item":"https:\/\/www.dcuidarte.com\/?page_id=36"},{"@type":"ListItem","position":3,"name":"Exfoliante Retinol + Ceramidas"}]},{"@type":"WebSite","@id":"https:\/\/www.dcuidarte.com\/#website","url":"https:\/\/www.dcuidarte.com\/","name":"DCuidarte","description":"","publisher":{"@id":"https:\/\/www.dcuidarte.com\/#organization"},"alternateName":"Cuidarte","potentialAction":[{"@type":"SearchAction","target":{"@type":"EntryPoint","urlTemplate":"https:\/\/www.dcuidarte.com\/?s={search_term_string}"},"query-input":{"@type":"PropertyValueSpecification","valueRequired":true,"valueName":"search_term_string"}}],"inLanguage":"es"},{"@type":"Organization","@id":"https:\/\/www.dcuidarte.com\/#organization","name":"DCuidarte","alternateName":"Cuidarte","url":"https:\/\/www.dcuidarte.com\/","logo":{"@type":"ImageObject","inLanguage":"es","@id":"https:\/\/www.dcuidarte.com\/#\/schema\/logo\/image\/","url":"https:\/\/www.dcuidarte.com\/wp-content\/uploads\/2026\/03\/4.png","contentUrl":"https:\/\/www.dcuidarte.com\/wp-content\/uploads\/2026\/03\/4.png","width":378,"height":110,"caption":"DCuidarte"},"image":{"@id":"https:\/\/www.dcuidarte.com\/#\/schema\/logo\/image\/"},"sameAs":["https:\/\/www.facebook.com\/cuidarte.cmg","https:\/\/instagram.com\/cuidarte.cmg"],"email":"tienda@dcuidarte.com","telephone":"+5355765224"}]}},"_links":{"self":[{"href":"https:\/\/www.dcuidarte.com\/index.php?rest_route=\/wp\/v2\/product\/1499","targetHints":{"allow":["GET"]}}],"collection":[{"href":"https:\/\/www.dcuidarte.com\/index.php?rest_route=\/wp\/v2\/product"}],"about":[{"href":"https:\/\/www.dcuidarte.com\/index.php?rest_route=\/wp\/v2\/types\/product"}],"replies":[{"embeddable":true,"href":"https:\/\/www.dcuidarte.com\/index.php?rest_route=%2Fwp%2Fv2%2Fcomments&post=1499"}],"version-history":[{"count":1,"href":"https:\/\/www.dcuidarte.com\/index.php?rest_route=\/wp\/v2\/product\/1499\/revisions"}],"predecessor-version":[{"id":1532,"href":"https:\/\/www.dcuidarte.com\/index.php?rest_route=\/wp\/v2\/product\/1499\/revisions\/1532"}],"wp:featuredmedia":[{"embeddable":true,"href":"https:\/\/www.dcuidarte.com\/index.php?rest_route=\/wp\/v2\/media\/1531"}],"wp:attachment":[{"href":"https:\/\/www.dcuidarte.com\/index.php?rest_route=%2Fwp%2Fv2%2Fmedia&parent=1499"}],"wp:term":[{"taxonomy":"brand","embeddable":true,"href":"https:\/\/www.dcuidarte.com\/index.php?rest_route=%2Fwp%2Fv2%2Fetheme_brands&post=1499"},{"taxonomy":"product_brand","embeddable":true,"href":"https:\/\/www.dcuidarte.com\/index.php?rest_route=%2Fwp%2Fv2%2Fproduct_brand&post=1499"},{"taxonomy":"product_cat","embeddable":true,"href":"https:\/\/www.dcuidarte.com\/index.php?rest_route=%2Fwp%2Fv2%2Fproduct_cat&post=1499"},{"taxonomy":"product_tag","embeddable":true,"href":"https:\/\/www.dcuidarte.com\/index.php?rest_route=%2Fwp%2Fv2%2Fproduct_tag&post=1499"}],"curies":[{"name":"wp","href":"https:\/\/api.w.org\/{rel}","templated":true}]}}