{"id":1496,"date":"2026-03-20T17:27:48","date_gmt":"2026-03-20T21:27:48","guid":{"rendered":"https:\/\/www.dcuidarte.com\/?post_type=product&#038;p=1496"},"modified":"2026-03-24T22:33:16","modified_gmt":"2026-03-25T02:33:16","slug":"serum-vitamina-c","status":"publish","type":"product","link":"https:\/\/www.dcuidarte.com\/?product=serum-vitamina-c","title":{"rendered":"Serum Vitamina C"},"content":{"rendered":"<p>El Serum Facial de Vitamina C es un potente aliado para el cuidado de la piel. Con antioxidantes, Niacinamida, col\u00e1geno, \u00c1cido Hialur\u00f3nico y extracto de algas, ayuda a nutrir y proteger la piel, al mismo tiempo que promueve la producci\u00f3n de nuevos tejidos y mejora su elasticidad.La Vitamina C presente en este serum es un poderoso antioxidante que ayuda a proteger la piel de los radicales libres, mientras que la Niacinamida ayuda a reducir la apariencia de manchas y a mejorar la textura de la piel. El col\u00e1geno y el \u00c1cido Hialur\u00f3nico ayudan a mantener la piel hidratada y tersa, mientras que el extracto de algas ayuda a mejorar la circulaci\u00f3n sangu\u00ednea y a reducir la inflamaci\u00f3n.<\/p>\n<table class=\"woocommerce-product-attributes shop_attributes\" aria-label=\"Detalles del producto\">\n<tbody>\n<tr class=\"woocommerce-product-attributes-item woocommerce-product-attributes-item--attribute_pa_tamano\">\n<th class=\"woocommerce-product-attributes-item__label\" scope=\"row\">Tama\u00f1o<\/th>\n<td class=\"woocommerce-product-attributes-item__value\">50 ML \/ 1 OZ<\/td>\n<\/tr>\n<\/tbody>\n<\/table>\n<p>[tabs slidertype=\u00bbtop tabs\u00bb] [tabcontainer] [tabtext]BENEFICIOS:[\/tabtext] [tabtext]MODO DE USO:[\/tabtext] [tabtext]RECOMENDACIONES:[\/tabtext] [\/tabcontainer] [tabcontent] [tab]<\/p>\n<ul>\n<li>Brinda una apariencia de luminosidad.<\/li>\n<li>Hidrata la piel.<\/li>\n<li>Contiene extractos de Algas (Euglena Gracilis) con propiedades regeneradoras.<\/li>\n<li>Contiene Niacinamida.<\/li>\n<li>Restablece los niveles naturales de\u00a0humedad en la piel.<\/li>\n<li>Ayuda a recuperar un\u00a0aspecto joven, terso y saludable.<\/li>\n<\/ul>\n<p>[\/tab] [tab]<\/p>\n<ul>\n<li>Aplicar en el rostro limpio de 3 a 5 gotas y esparcir.<\/li>\n<li>Luego dar peque\u00f1os toques con la yema de los dedos hasta lograr su completa absorci\u00f3n.<\/li>\n<li>Usar diariamente en las ma\u00f1anas y en las noches despu\u00e9s del t\u00f3nico facial.<\/li>\n<\/ul>\n<p>[\/tab] [tab]<\/p>\n<ul>\n<li>Uso continuo para mejores resultados.<\/li>\n<li>Evite el contacto con los ojos, en caso de contacto con los ojos enjuague con abundante agua.<\/li>\n<\/ul>\n<p>[\/tab] [\/tabcontent] [\/tabs]<\/p>\n","protected":false},"excerpt":{"rendered":"<p>El Serum Facial de Vitamina C es un potente aliado para el cuidado de la piel. Con antioxidantes, Niacinamida, col\u00e1geno, \u00c1cido Hialur\u00f3nico y extracto de algas, ayuda a nutrir y proteger la piel, al mismo tiempo que promueve la producci\u00f3n de nuevos tejidos y mejora su elasticidad<\/p>\n","protected":false},"featured_media":1525,"comment_status":"open","ping_status":"closed","template":"","meta":[],"etheme_brands":[{"term_id":66,"name":"Nevada","slug":"nevada","term_group":0,"term_taxonomy_id":66,"taxonomy":"brand","description":"","parent":0,"count":14,"filter":"raw"}],"product_brand":[72],"product_cat":[183,186,184,109,195,198,177,113,170,156],"product_tag":[118,122,119],"class_list":{"0":"post-1496","1":"product","2":"type-product","3":"status-publish","4":"has-post-thumbnail","6":"brand-nevada","7":"product_brand-nevada","8":"product_cat-acido-hialuronico","9":"product_cat-antioxidante","10":"product_cat-colageno","11":"product_cat-facial","12":"product_cat-hidratantes","13":"product_cat-niacinamida","14":"product_cat-rostro","15":"product_cat-serum","16":"product_cat-todo-tipo-de-piel","17":"product_cat-vitamina-c","18":"product_tag-cuidado","19":"product_tag-nevada","20":"product_tag-piel","22":"first","23":"instock","24":"shipping-taxable","25":"purchasable","26":"product-type-simple"},"yoast_head":"<!-- This site is optimized with the Yoast SEO Premium plugin v26.7 (Yoast SEO v27.3) - https:\/\/yoast.com\/product\/yoast-seo-premium-wordpress\/ -->\n<title>Serum Vitamina C - DCuidarte<\/title>\n<meta name=\"robots\" content=\"index, follow, max-snippet:-1, max-image-preview:large, max-video-preview:-1\" \/>\n<link rel=\"canonical\" href=\"https:\/\/www.dcuidarte.com\/?product=serum-vitamina-c\" \/>\n<meta property=\"og:locale\" content=\"es_ES\" \/>\n<meta property=\"og:type\" content=\"article\" \/>\n<meta property=\"og:title\" content=\"Serum Vitamina C\" \/>\n<meta property=\"og:description\" content=\"El Serum Facial de Vitamina C es un potente aliado para el cuidado de la piel. Con antioxidantes, Niacinamida, col\u00e1geno, \u00c1cido Hialur\u00f3nico y extracto de algas, ayuda a nutrir y proteger la piel, al mismo tiempo que promueve la producci\u00f3n de nuevos tejidos y mejora su elasticidad\" \/>\n<meta property=\"og:url\" content=\"https:\/\/www.dcuidarte.com\/?product=serum-vitamina-c\" \/>\n<meta property=\"og:site_name\" content=\"DCuidarte\" \/>\n<meta property=\"article:publisher\" content=\"https:\/\/www.facebook.com\/cuidarte.cmg\" \/>\n<meta property=\"article:modified_time\" content=\"2026-03-25T02:33:16+00:00\" \/>\n<meta property=\"og:image\" content=\"https:\/\/www.dcuidarte.com\/wp-content\/uploads\/2026\/03\/Serum-2.png\" \/>\n\t<meta property=\"og:image:width\" content=\"1000\" \/>\n\t<meta property=\"og:image:height\" content=\"1000\" \/>\n\t<meta property=\"og:image:type\" content=\"image\/png\" \/>\n<meta name=\"twitter:card\" content=\"summary_large_image\" \/>\n<meta name=\"twitter:label1\" content=\"Tiempo de lectura\" \/>\n\t<meta name=\"twitter:data1\" content=\"1 minuto\" \/>\n<script type=\"application\/ld+json\" class=\"yoast-schema-graph\">{\"@context\":\"https:\\\/\\\/schema.org\",\"@graph\":[{\"@type\":\"WebPage\",\"@id\":\"https:\\\/\\\/www.dcuidarte.com\\\/?product=serum-vitamina-c\",\"url\":\"https:\\\/\\\/www.dcuidarte.com\\\/?product=serum-vitamina-c\",\"name\":\"Serum Vitamina C - DCuidarte\",\"isPartOf\":{\"@id\":\"https:\\\/\\\/www.dcuidarte.com\\\/#website\"},\"primaryImageOfPage\":{\"@id\":\"https:\\\/\\\/www.dcuidarte.com\\\/?product=serum-vitamina-c#primaryimage\"},\"image\":{\"@id\":\"https:\\\/\\\/www.dcuidarte.com\\\/?product=serum-vitamina-c#primaryimage\"},\"thumbnailUrl\":\"https:\\\/\\\/www.dcuidarte.com\\\/wp-content\\\/uploads\\\/2026\\\/03\\\/Serum-2.png\",\"datePublished\":\"2026-03-20T21:27:48+00:00\",\"dateModified\":\"2026-03-25T02:33:16+00:00\",\"breadcrumb\":{\"@id\":\"https:\\\/\\\/www.dcuidarte.com\\\/?product=serum-vitamina-c#breadcrumb\"},\"inLanguage\":\"es\",\"potentialAction\":[{\"@type\":\"ReadAction\",\"target\":[\"https:\\\/\\\/www.dcuidarte.com\\\/?product=serum-vitamina-c\"]}]},{\"@type\":\"ImageObject\",\"inLanguage\":\"es\",\"@id\":\"https:\\\/\\\/www.dcuidarte.com\\\/?product=serum-vitamina-c#primaryimage\",\"url\":\"https:\\\/\\\/www.dcuidarte.com\\\/wp-content\\\/uploads\\\/2026\\\/03\\\/Serum-2.png\",\"contentUrl\":\"https:\\\/\\\/www.dcuidarte.com\\\/wp-content\\\/uploads\\\/2026\\\/03\\\/Serum-2.png\",\"width\":1000,\"height\":1000},{\"@type\":\"BreadcrumbList\",\"@id\":\"https:\\\/\\\/www.dcuidarte.com\\\/?product=serum-vitamina-c#breadcrumb\",\"itemListElement\":[{\"@type\":\"ListItem\",\"position\":1,\"name\":\"Home\",\"item\":\"https:\\\/\\\/www.dcuidarte.com\\\/\"},{\"@type\":\"ListItem\",\"position\":2,\"name\":\"Shop\",\"item\":\"https:\\\/\\\/www.dcuidarte.com\\\/?page_id=36\"},{\"@type\":\"ListItem\",\"position\":3,\"name\":\"Serum Vitamina C\"}]},{\"@type\":\"WebSite\",\"@id\":\"https:\\\/\\\/www.dcuidarte.com\\\/#website\",\"url\":\"https:\\\/\\\/www.dcuidarte.com\\\/\",\"name\":\"DCuidarte\",\"description\":\"\",\"publisher\":{\"@id\":\"https:\\\/\\\/www.dcuidarte.com\\\/#organization\"},\"alternateName\":\"Cuidarte\",\"potentialAction\":[{\"@type\":\"SearchAction\",\"target\":{\"@type\":\"EntryPoint\",\"urlTemplate\":\"https:\\\/\\\/www.dcuidarte.com\\\/?s={search_term_string}\"},\"query-input\":{\"@type\":\"PropertyValueSpecification\",\"valueRequired\":true,\"valueName\":\"search_term_string\"}}],\"inLanguage\":\"es\"},{\"@type\":\"Organization\",\"@id\":\"https:\\\/\\\/www.dcuidarte.com\\\/#organization\",\"name\":\"DCuidarte\",\"alternateName\":\"Cuidarte\",\"url\":\"https:\\\/\\\/www.dcuidarte.com\\\/\",\"logo\":{\"@type\":\"ImageObject\",\"inLanguage\":\"es\",\"@id\":\"https:\\\/\\\/www.dcuidarte.com\\\/#\\\/schema\\\/logo\\\/image\\\/\",\"url\":\"https:\\\/\\\/www.dcuidarte.com\\\/wp-content\\\/uploads\\\/2026\\\/03\\\/4.png\",\"contentUrl\":\"https:\\\/\\\/www.dcuidarte.com\\\/wp-content\\\/uploads\\\/2026\\\/03\\\/4.png\",\"width\":378,\"height\":110,\"caption\":\"DCuidarte\"},\"image\":{\"@id\":\"https:\\\/\\\/www.dcuidarte.com\\\/#\\\/schema\\\/logo\\\/image\\\/\"},\"sameAs\":[\"https:\\\/\\\/www.facebook.com\\\/cuidarte.cmg\",\"https:\\\/\\\/instagram.com\\\/cuidarte.cmg\"],\"email\":\"tienda@dcuidarte.com\",\"telephone\":\"+5355765224\"}]}<\/script>\n<!-- \/ Yoast SEO Premium plugin. -->","yoast_head_json":{"title":"Serum Vitamina C - DCuidarte","robots":{"index":"index","follow":"follow","max-snippet":"max-snippet:-1","max-image-preview":"max-image-preview:large","max-video-preview":"max-video-preview:-1"},"canonical":"https:\/\/www.dcuidarte.com\/?product=serum-vitamina-c","og_locale":"es_ES","og_type":"article","og_title":"Serum Vitamina C","og_description":"El Serum Facial de Vitamina C es un potente aliado para el cuidado de la piel. Con antioxidantes, Niacinamida, col\u00e1geno, \u00c1cido Hialur\u00f3nico y extracto de algas, ayuda a nutrir y proteger la piel, al mismo tiempo que promueve la producci\u00f3n de nuevos tejidos y mejora su elasticidad","og_url":"https:\/\/www.dcuidarte.com\/?product=serum-vitamina-c","og_site_name":"DCuidarte","article_publisher":"https:\/\/www.facebook.com\/cuidarte.cmg","article_modified_time":"2026-03-25T02:33:16+00:00","og_image":[{"width":1000,"height":1000,"url":"https:\/\/www.dcuidarte.com\/wp-content\/uploads\/2026\/03\/Serum-2.png","type":"image\/png"}],"twitter_card":"summary_large_image","twitter_misc":{"Tiempo de lectura":"1 minuto"},"schema":{"@context":"https:\/\/schema.org","@graph":[{"@type":"WebPage","@id":"https:\/\/www.dcuidarte.com\/?product=serum-vitamina-c","url":"https:\/\/www.dcuidarte.com\/?product=serum-vitamina-c","name":"Serum Vitamina C - DCuidarte","isPartOf":{"@id":"https:\/\/www.dcuidarte.com\/#website"},"primaryImageOfPage":{"@id":"https:\/\/www.dcuidarte.com\/?product=serum-vitamina-c#primaryimage"},"image":{"@id":"https:\/\/www.dcuidarte.com\/?product=serum-vitamina-c#primaryimage"},"thumbnailUrl":"https:\/\/www.dcuidarte.com\/wp-content\/uploads\/2026\/03\/Serum-2.png","datePublished":"2026-03-20T21:27:48+00:00","dateModified":"2026-03-25T02:33:16+00:00","breadcrumb":{"@id":"https:\/\/www.dcuidarte.com\/?product=serum-vitamina-c#breadcrumb"},"inLanguage":"es","potentialAction":[{"@type":"ReadAction","target":["https:\/\/www.dcuidarte.com\/?product=serum-vitamina-c"]}]},{"@type":"ImageObject","inLanguage":"es","@id":"https:\/\/www.dcuidarte.com\/?product=serum-vitamina-c#primaryimage","url":"https:\/\/www.dcuidarte.com\/wp-content\/uploads\/2026\/03\/Serum-2.png","contentUrl":"https:\/\/www.dcuidarte.com\/wp-content\/uploads\/2026\/03\/Serum-2.png","width":1000,"height":1000},{"@type":"BreadcrumbList","@id":"https:\/\/www.dcuidarte.com\/?product=serum-vitamina-c#breadcrumb","itemListElement":[{"@type":"ListItem","position":1,"name":"Home","item":"https:\/\/www.dcuidarte.com\/"},{"@type":"ListItem","position":2,"name":"Shop","item":"https:\/\/www.dcuidarte.com\/?page_id=36"},{"@type":"ListItem","position":3,"name":"Serum Vitamina C"}]},{"@type":"WebSite","@id":"https:\/\/www.dcuidarte.com\/#website","url":"https:\/\/www.dcuidarte.com\/","name":"DCuidarte","description":"","publisher":{"@id":"https:\/\/www.dcuidarte.com\/#organization"},"alternateName":"Cuidarte","potentialAction":[{"@type":"SearchAction","target":{"@type":"EntryPoint","urlTemplate":"https:\/\/www.dcuidarte.com\/?s={search_term_string}"},"query-input":{"@type":"PropertyValueSpecification","valueRequired":true,"valueName":"search_term_string"}}],"inLanguage":"es"},{"@type":"Organization","@id":"https:\/\/www.dcuidarte.com\/#organization","name":"DCuidarte","alternateName":"Cuidarte","url":"https:\/\/www.dcuidarte.com\/","logo":{"@type":"ImageObject","inLanguage":"es","@id":"https:\/\/www.dcuidarte.com\/#\/schema\/logo\/image\/","url":"https:\/\/www.dcuidarte.com\/wp-content\/uploads\/2026\/03\/4.png","contentUrl":"https:\/\/www.dcuidarte.com\/wp-content\/uploads\/2026\/03\/4.png","width":378,"height":110,"caption":"DCuidarte"},"image":{"@id":"https:\/\/www.dcuidarte.com\/#\/schema\/logo\/image\/"},"sameAs":["https:\/\/www.facebook.com\/cuidarte.cmg","https:\/\/instagram.com\/cuidarte.cmg"],"email":"tienda@dcuidarte.com","telephone":"+5355765224"}]}},"_links":{"self":[{"href":"https:\/\/www.dcuidarte.com\/index.php?rest_route=\/wp\/v2\/product\/1496","targetHints":{"allow":["GET"]}}],"collection":[{"href":"https:\/\/www.dcuidarte.com\/index.php?rest_route=\/wp\/v2\/product"}],"about":[{"href":"https:\/\/www.dcuidarte.com\/index.php?rest_route=\/wp\/v2\/types\/product"}],"replies":[{"embeddable":true,"href":"https:\/\/www.dcuidarte.com\/index.php?rest_route=%2Fwp%2Fv2%2Fcomments&post=1496"}],"version-history":[{"count":2,"href":"https:\/\/www.dcuidarte.com\/index.php?rest_route=\/wp\/v2\/product\/1496\/revisions"}],"predecessor-version":[{"id":1599,"href":"https:\/\/www.dcuidarte.com\/index.php?rest_route=\/wp\/v2\/product\/1496\/revisions\/1599"}],"wp:featuredmedia":[{"embeddable":true,"href":"https:\/\/www.dcuidarte.com\/index.php?rest_route=\/wp\/v2\/media\/1525"}],"wp:attachment":[{"href":"https:\/\/www.dcuidarte.com\/index.php?rest_route=%2Fwp%2Fv2%2Fmedia&parent=1496"}],"wp:term":[{"taxonomy":"brand","embeddable":true,"href":"https:\/\/www.dcuidarte.com\/index.php?rest_route=%2Fwp%2Fv2%2Fetheme_brands&post=1496"},{"taxonomy":"product_brand","embeddable":true,"href":"https:\/\/www.dcuidarte.com\/index.php?rest_route=%2Fwp%2Fv2%2Fproduct_brand&post=1496"},{"taxonomy":"product_cat","embeddable":true,"href":"https:\/\/www.dcuidarte.com\/index.php?rest_route=%2Fwp%2Fv2%2Fproduct_cat&post=1496"},{"taxonomy":"product_tag","embeddable":true,"href":"https:\/\/www.dcuidarte.com\/index.php?rest_route=%2Fwp%2Fv2%2Fproduct_tag&post=1496"}],"curies":[{"name":"wp","href":"https:\/\/api.w.org\/{rel}","templated":true}]}}